{"id":8764,"date":"2025-09-07T15:43:43","date_gmt":"2025-09-07T15:43:43","guid":{"rendered":"https:\/\/dz-rf.com\/?post_type=product&#038;p=8764"},"modified":"2026-03-11T08:38:44","modified_gmt":"2026-03-11T08:38:44","slug":"portapack-h4","status":"publish","type":"product","link":"https:\/\/dz-rf.com\/it\/prodotto\/portapack-h4\/","title":{"rendered":"Portapack H4 basato sul dispositivo SDR HackRF One Nero"},"content":{"rendered":"<p>Il Portapack H4 \u00e8 un dispositivo software-defined radio (SDR) indipendente, integrato e portatile basato sul framework HackRF.<\/p>\n<p>Miglioramenti hardware<\/p>\n<p>1.Schermo: Presenta uno schermo opaco migliorato per una chiara leggibilit\u00e0 in ambienti esterni.<\/p>\n<p>2. Interfacce: Aggiunge porte GPIO per il collegamento di accessori aggiuntivi, schede di espansione e sensori. Dotato di interfaccia USB-C per una ricarica pi\u00f9 rapida e una connettivit\u00e0 pi\u00f9 comoda.<\/p>\n<p>3. Sistema di alimentazione: Riprogettato con un interruttore di accensione\/spegnimento unificato e un'architettura avanzata di gestione della batteria, che supporta la ricarica rapida USB-C ed elimina i problemi di perdita di potenza o di esaurimento della batteria.<\/p>\n<p>4.Audio: Integra un microfono e un altoparlante incorporato, con un interruttore a scorrimento per passare rapidamente dal microfono interno\/esterno alle cuffie. Passa automaticamente dalla modalit\u00e0 altoparlante alla modalit\u00e0 cuffia quando le cuffie sono collegate.<\/p>\n<p>5.Funzionamento: La rotella di navigazione a basso profilo e i pulsanti direzionali ridisegnati consentono una navigazione rapida e riducono i danni quando il dispositivo non \u00e8 in uso.<\/p>\n<p>Caratteristiche funzionali<\/p>\n<p>1.Elaborazione del segnale: \u00c8 in grado di acquisire, riprodurre e rilevare segnali grezzi; pu\u00f2 eseguire la scansione delle frequenze e include decine di applicazioni integrate, come scanner ADS-B in tempo reale, simulatori GPS e cos\u00ec via, oltre a generare segnali personalizzati.<\/p>\n<p>2. Funzioni di ricezione: Riceve vari segnali (ad esempio, ADS-B, AIS, AFSK, Bluetooth, audio), supporta l'analisi dello spettro e decodifica diversi formati di segnale.<\/p>\n<p>3.Funzioni di trasmissione: Consente la trasmissione di segnali, tra cui spoofing ADS-B, spoofing GPS, jamming multibanda, trasmissione di codice Morse, ecc.<\/p>\n<p>Compatibilit\u00e0 di sistema: Compatibile con Windows, macOS, Linux, Android e software come GNU Radio, GQRX, SDR#, ecc.<\/p>\n<p>Scenari di applicazione: Adatto per test di penetrazione, ricognizione dei segnali, ricerca sulle comunicazioni wireless e vari esperimenti ed esplorazioni da parte di appassionati di radio.<\/p>","protected":false},"excerpt":{"rendered":"<p>Portapack H4 basato sul dispositivo SDR HackRF One<\/p>","protected":false},"featured_media":9157,"comment_status":"open","ping_status":"closed","template":"","meta":[],"product_brand":[],"product_cat":[208],"product_tag":[],"class_list":{"0":"post-8764","1":"product","2":"type-product","3":"status-publish","4":"has-post-thumbnail","6":"product_cat-main-products","8":"first","9":"instock","10":"sale","11":"shipping-taxable","12":"purchasable","13":"product-type-simple"},"_links":{"self":[{"href":"https:\/\/dz-rf.com\/it\/wp-json\/wp\/v2\/product\/8764","targetHints":{"allow":["GET"]}}],"collection":[{"href":"https:\/\/dz-rf.com\/it\/wp-json\/wp\/v2\/product"}],"about":[{"href":"https:\/\/dz-rf.com\/it\/wp-json\/wp\/v2\/types\/product"}],"replies":[{"embeddable":true,"href":"https:\/\/dz-rf.com\/it\/wp-json\/wp\/v2\/comments?post=8764"}],"wp:featuredmedia":[{"embeddable":true,"href":"https:\/\/dz-rf.com\/it\/wp-json\/wp\/v2\/media\/9157"}],"wp:attachment":[{"href":"https:\/\/dz-rf.com\/it\/wp-json\/wp\/v2\/media?parent=8764"}],"wp:term":[{"taxonomy":"product_brand","embeddable":true,"href":"https:\/\/dz-rf.com\/it\/wp-json\/wp\/v2\/product_brand?post=8764"},{"taxonomy":"product_cat","embeddable":true,"href":"https:\/\/dz-rf.com\/it\/wp-json\/wp\/v2\/product_cat?post=8764"},{"taxonomy":"product_tag","embeddable":true,"href":"https:\/\/dz-rf.com\/it\/wp-json\/wp\/v2\/product_tag?post=8764"}],"curies":[{"name":"wp","href":"https:\/\/api.w.org\/{rel}","templated":true}]}}