{"id":9070,"date":"2025-09-13T08:43:50","date_gmt":"2025-09-13T08:43:50","guid":{"rendered":"https:\/\/dz-rf.com\/?post_type=product&#038;p=9070"},"modified":"2026-03-11T08:50:43","modified_gmt":"2026-03-11T08:50:43","slug":"lime-sdr-xtrx","status":"publish","type":"product","link":"https:\/\/dz-rf.com\/fr\/produit\/lime-sdr-xtrx\/","title":{"rendered":"LimeSDR XTRX RF Development Boards"},"content":{"rendered":"<p>\u00c9metteur-r\u00e9cepteur RF<br \/>\n\u00c9metteur-r\u00e9cepteur RF : Lime Microsystems LMS7002M<br \/>\nConfiguration : MIMO (2xTX, 2xRX)<br \/>\nGamme de fr\u00e9quences : 30 MHz - 3,8 GHz<br \/>\nLargeur de bande : 120 MHz<br \/>\nProfondeur d'\u00e9chantillonnage : 12 bits<br \/>\nTaux d'\u00e9chantillonnage : 120 MSPS SISO \/ 90 MSPS MIMO<br \/>\nPuissance d'\u00e9mission : max. 10 dBm (en fonction de la fr\u00e9quence)<\/p>\n<p>FPGA<br \/>\nFPGA : AMD Artix\u2122 7 XC7A50T-2CPG236I<br \/>\nBo\u00eetier CSBGA \u00e0 236 broches (10 mm x 10 mm, 0,5 mm)<br \/>\n52160 LUTs capacit\u00e9 logique<br \/>\n2700 Kb M\u00e9moire embarqu\u00e9e<br \/>\n600 Kb de RAM distribu\u00e9e<br \/>\n120 x 18\u00d718-bit multiplicateurs<br \/>\n5 x PLL<br \/>\n4 x DLL<br \/>\n106 x IO<br \/>\nConfiguration du FPGA via JTAG<\/p>\n<p>M\u00e9moire FLASH<br \/>\nM\u00e9moire FLASH : 256 Mb de m\u00e9moire Flash pour la configuration du FPGA<\/p>\n<p>Syst\u00e8me d'horloge<br \/>\n26,00 MHz (ou 30,72 MHz) VCTCXO embarqu\u00e9<br \/>\nVCTCXO peut \u00eatre r\u00e9gl\u00e9 par le DAC int\u00e9gr\u00e9<br \/>\nConnecteur d'entr\u00e9e et de sortie de l'horloge de r\u00e9f\u00e9rence (U.FL)<\/p>\n<p>GPIO<br \/>\n2 x LED vertes<br \/>\n4 x GPIO 3,3V dans le connecteur GPIO<br \/>\n1 x GPIO dans les connecteurs de bande de base<\/p>\n<p>Contr\u00f4leur USB 2.0<br \/>\nContr\u00f4leur USB 2.0 : Microchip USB3333E-GL<\/p>\n<p>Capteur de temp\u00e9rature<br \/>\nCapteur de temp\u00e9rature : TMP1075NDRLR<\/p>\n<p>M\u00e9moire EEPROM<br \/>\nOuvrir le menu<br \/>\nEEPROM de 128 Kb pour le micrologiciel du LMS MCU (en option)<br \/>\nEEPROM de 128 Kb pour les donn\u00e9es FPGA (en option)<\/p>\n<p>Connecteurs<\/p>\n<p>Prise USB 2.0 (Micro-B)<br \/>\nConnecteurs coaxiaux RF (U.FL femelle)<br \/>\nFPGA GPIO Connecteur FPC \u00e0 8 broches<br \/>\nConnecteur JTAG FPGA (non rempli)<br \/>\nConnecteur de bord mini PCIe<br \/>\nConnecteurs FPC \u00e0 15 broches pour bande de base RF<\/p>\n<p>Dimensions<br \/>\nDimensions : 50,8 mm x 29,7 mm (facteur de forme Mini PCIe)<\/p>\n<p>Sources d'\u00e9nergie<\/p>\n<p>Connecteur USB (5 V)<br \/>\nMini PCIe (3,3 V)<\/p>\n<p>&nbsp;<\/p>","protected":false},"excerpt":{"rendered":"<p>acheter chez mouser<br \/>\nLimeSDR XTRX est une carte de radio logicielle (SDR) haute performance dans un facteur de forme Mini PCIe compact qui a \u00e9t\u00e9 optimis\u00e9e pour \u00eatre int\u00e9gr\u00e9e dans des conceptions plus importantes. Avec un FPGA AMD Artix\u2122 7 XC7A50T-2CPG236I et un \u00e9metteur-r\u00e9cepteur RF Lime Microsystems LMS7002M en son c\u0153ur, LimeSDR XTRX est une plateforme parfaite pour d\u00e9velopper des conceptions num\u00e9riques et RF \u00e0 forte intensit\u00e9 logique.<\/p>\n<p>Le LimeSDR XTRX peut \u00eatre utilis\u00e9 comme bloc de construction pour des configurations MIMO de 2Tx2R \u00e0 32Tx32R, et en conjonction avec des processeurs num\u00e9riques (ASIC, GPP et GPU) dont la vitesse, la dissipation d'\u00e9nergie et le co\u00fbt varient pour s'adapter \u00e0 n'importe quelle interface a\u00e9rienne, qu'elle soit \u00e0 bande \u00e9troite ou \u00e0 large bande.<\/p>\n<p>Le LimeSDR XTRX est bas\u00e9 sur le Fairwaves XTRX Rev 5, avec de nombreuses am\u00e9liorations et mises \u00e0 jour, ainsi qu'un support logiciel complet via la pile de pilotes et les modules plug-in de la Lime Suite NG.<\/p>","protected":false},"featured_media":9179,"comment_status":"open","ping_status":"closed","template":"","meta":[],"product_brand":[],"product_cat":[208],"product_tag":[],"class_list":{"0":"post-9070","1":"product","2":"type-product","3":"status-publish","4":"has-post-thumbnail","6":"product_cat-main-products","8":"first","9":"instock","10":"sale","11":"shipping-taxable","12":"purchasable","13":"product-type-simple"},"_links":{"self":[{"href":"https:\/\/dz-rf.com\/fr\/wp-json\/wp\/v2\/product\/9070","targetHints":{"allow":["GET"]}}],"collection":[{"href":"https:\/\/dz-rf.com\/fr\/wp-json\/wp\/v2\/product"}],"about":[{"href":"https:\/\/dz-rf.com\/fr\/wp-json\/wp\/v2\/types\/product"}],"replies":[{"embeddable":true,"href":"https:\/\/dz-rf.com\/fr\/wp-json\/wp\/v2\/comments?post=9070"}],"wp:featuredmedia":[{"embeddable":true,"href":"https:\/\/dz-rf.com\/fr\/wp-json\/wp\/v2\/media\/9179"}],"wp:attachment":[{"href":"https:\/\/dz-rf.com\/fr\/wp-json\/wp\/v2\/media?parent=9070"}],"wp:term":[{"taxonomy":"product_brand","embeddable":true,"href":"https:\/\/dz-rf.com\/fr\/wp-json\/wp\/v2\/product_brand?post=9070"},{"taxonomy":"product_cat","embeddable":true,"href":"https:\/\/dz-rf.com\/fr\/wp-json\/wp\/v2\/product_cat?post=9070"},{"taxonomy":"product_tag","embeddable":true,"href":"https:\/\/dz-rf.com\/fr\/wp-json\/wp\/v2\/product_tag?post=9070"}],"curies":[{"name":"wp","href":"https:\/\/api.w.org\/{rel}","templated":true}]}}