{"id":9234,"date":"2025-09-17T10:46:26","date_gmt":"2025-09-17T10:46:26","guid":{"rendered":"https:\/\/dz-rf.com\/?post_type=product&#038;p=9234"},"modified":"2025-10-28T01:50:30","modified_gmt":"2025-10-28T01:50:30","slug":"zc706","status":"publish","type":"product","link":"https:\/\/dz-rf.com\/de\/produkt\/zc706\/","title":{"rendered":"ZC706"},"content":{"rendered":"<p>Beschreibung des Produkts<\/p>\n<p>Das Zynq 7000SoC ZC706 Evaluation Kit enth\u00e4lt Hardware, Design-Tools, IP-Cores und alle wesentlichen Komponenten eines vorvalidierten Referenzdesigns, einschlie\u00dflich eines Zieldesigns, das eine vollst\u00e4ndige Embedded Processing-Plattform und ein Transceiver-basiertes Design erm\u00f6glicht - einschlie\u00dflich PCle. Das Kit wird mit vorvalidierten Referenzdesigns und FPGA-Mezzanine-Steckverbindern (FMCs) nach Industriestandard geliefert, die Upgrades und Anpassungen mit Hilfe von Tochterkarten erm\u00f6glichen.<\/p>\n<p>HAUPTMERKMALE UND VORTEILE<\/p>\n<p>Schnelles Prototyping von Embedded-Anwendungen mit dem Zynq 7000Soc f\u00fcr optimierte Hardware, Design-Tools, IP und vorvalidierte Referenzdesigns<\/p>\n<p>Demonstration des eingebetteten Designs f\u00fcr den Videokanal<\/p>\n<p>Erweiterte Speicherschnittstellen<\/p>\n<p>1 GB DDR3-Komponentenspeicher<\/p>\n<p>1 GB DDR3-SODIM-Speicher<\/p>\n<p>Implementierung von PCle Gen2x4, SFP+ und SMA-Paaren, USB OTG, UART, IIC Serial<\/p>","protected":false},"excerpt":{"rendered":"<p>EK-Z7-ZC706-G Testkits<\/p>","protected":false},"featured_media":9240,"comment_status":"open","ping_status":"closed","template":"","meta":[],"product_brand":[],"product_cat":[208],"product_tag":[],"class_list":{"0":"post-9234","1":"product","2":"type-product","3":"status-publish","4":"has-post-thumbnail","6":"product_cat-main-products","8":"first","9":"instock","10":"shipping-taxable","11":"purchasable","12":"product-type-simple"},"_links":{"self":[{"href":"https:\/\/dz-rf.com\/de\/wp-json\/wp\/v2\/product\/9234","targetHints":{"allow":["GET"]}}],"collection":[{"href":"https:\/\/dz-rf.com\/de\/wp-json\/wp\/v2\/product"}],"about":[{"href":"https:\/\/dz-rf.com\/de\/wp-json\/wp\/v2\/types\/product"}],"replies":[{"embeddable":true,"href":"https:\/\/dz-rf.com\/de\/wp-json\/wp\/v2\/comments?post=9234"}],"wp:featuredmedia":[{"embeddable":true,"href":"https:\/\/dz-rf.com\/de\/wp-json\/wp\/v2\/media\/9240"}],"wp:attachment":[{"href":"https:\/\/dz-rf.com\/de\/wp-json\/wp\/v2\/media?parent=9234"}],"wp:term":[{"taxonomy":"product_brand","embeddable":true,"href":"https:\/\/dz-rf.com\/de\/wp-json\/wp\/v2\/product_brand?post=9234"},{"taxonomy":"product_cat","embeddable":true,"href":"https:\/\/dz-rf.com\/de\/wp-json\/wp\/v2\/product_cat?post=9234"},{"taxonomy":"product_tag","embeddable":true,"href":"https:\/\/dz-rf.com\/de\/wp-json\/wp\/v2\/product_tag?post=9234"}],"curies":[{"name":"wp","href":"https:\/\/api.w.org\/{rel}","templated":true}]}}