{"id":9075,"date":"2025-09-13T08:47:32","date_gmt":"2025-09-13T08:47:32","guid":{"rendered":"https:\/\/dz-rf.com\/?post_type=product&#038;p=9075"},"modified":"2026-03-11T07:57:06","modified_gmt":"2026-03-11T07:57:06","slug":"krakensdr","status":"publish","type":"product","link":"https:\/\/dz-rf.com\/de\/produkt\/krakensdr\/","title":{"rendered":"KrakenSDR"},"content":{"rendered":"<p>KrakenSDR verwendet UsB-C-Anschl\u00fcsse f\u00fcr Strom und Daten.<br \/>\nDer KrakenSDR verf\u00fcgt \u00fcber Guckl\u00f6cher f\u00fcr mehrere Status-LED-Anzeigen.<br \/>\n<strong>LED PWR:<\/strong> Die wei\u00dfe PWR-LED rechts neben den beiden USB-C-Anschl\u00fcssen zeigt an, dass der KrakenSDR Gleichstrom vom POWER-USB-C-Anschluss erh\u00e4lt.<br \/>\n<strong>NOISE LED:<\/strong> Wenn die wei\u00dfe NOisE-LED rechts neben der PWR-LED leuchtet, zeigt sie an, dass die Rauschquelle des KrakenSDR aktiv ist. Diese LED kann alle paar Minuten kurz aufblinken, wenn die Software l\u00e4uft und die Kalibrierungs\u00fcberwachung\/automatische Neukalibrierung eingeschaltet ist.<br \/>\n<strong>KANAL-LEDS:<\/strong> Neben jedem der SMA-Anschl\u00fcsse befinden sich f\u00fcnf blaue CHANNEL-LEDs. Wenn diese LEDs leuchten, zeigen sie an, dass der Tuner dieses Kanals vom Computer aufgez\u00e4hlt wurde. Bitte beachten Sie, dass diese LEDs keine Informationen \u00fcber den Status der Kanalverbindung zur DsP-Software liefern.<\/p>\n<h6><strong>Zus\u00e4tzliche Hardware-Anforderungen f\u00fcr KrakenSDR<\/strong><\/h6>\n<p>KrakenSDR ben\u00f6tigt zus\u00e4tzliche Hardware, die unten aufgef\u00fchrt ist:<\/p>\n<ul>\n<li>Raspberry Pi 4\/5 oder ein \u00e4hnlich spezifizierter Linux-Einplatinencomputer oder ein Linux-PC<\/li>\n<li>Ein 5V 2.4A+ f\u00e4higes UsB-Netzteil<\/li>\n<li>Ein USB-A auf USB-C USB-Datenkabel<\/li>\n<li>F\u00fcnf phasen- und l\u00e4ngenangepasste Antennen und Kabel.<\/li>\n<\/ul>\n<p>KrakenRF vertreibt das KrakenTenna-Set, das aus f\u00fcnf l\u00e4ngenangepassten Antennen und Kabeln besteht. Wenn Sie Ihre eigenen Antennen verwenden, m\u00fcssen Sie sicherstellen, dass die Antennen-Koaxialkabel mindestens auf 0,5 cm genau die gleiche L\u00e4nge haben.<\/p>\n<h6>Wichtige Anwendungsf\u00e4lle<\/h6>\n<p>Der Hauptanwendungsfall von KrakenSDR ist die Funkpeilung (RDF). Mit RDF wird ein Ger\u00e4t wie der KrakenSDR verwendet, um eine Peilung zu einem Sender zu bestimmen. Diese Peilungen k\u00f6nnen auf einer Karte eingezeichnet werden, und der Standort des Senders kann durch mehrere Messungen an verschiedenen Orten trianguliert werden.<br \/>\nKrakenSDR kann auch als reines Software Defined Radio mit f\u00fcnf unabh\u00e4ngigen Kan\u00e4len verwendet werden.<\/p>\n<h6>Typisches Blockdiagramm f\u00fcr einen Anwendungsfall der Richtungsfindung<\/h6>\n<p>In einem typischen Anwendungsszenario f\u00fcr die Peilung wird das Antennen-Array auf dem Dach eines Fahrzeugs montiert, wobei der KrakenSDR mit einem Computerger\u00e4t wie einem Raspberry Pi 4 oder 5 verbunden ist. Der Raspberry 4\/5 kommuniziert mit der mobilen KrakenSDR-App \u00fcber einen mobilen WiFi-Hotspot.<\/p>","protected":false},"excerpt":{"rendered":"<p>KrakenSDR utilizes UsB-C ports for Power and Data. The KrakenSDR provides peep holes for several status LED indicators. PWR LED: The white PWR LED to the right of the two&hellip;<\/p>","protected":false},"featured_media":9196,"comment_status":"open","ping_status":"closed","template":"","meta":[],"product_brand":[],"product_cat":[208],"product_tag":[],"class_list":{"0":"post-9075","1":"product","2":"type-product","3":"status-publish","4":"has-post-thumbnail","6":"product_cat-main-products","8":"first","9":"instock","10":"sale","11":"shipping-taxable","12":"purchasable","13":"product-type-simple"},"_links":{"self":[{"href":"https:\/\/dz-rf.com\/de\/wp-json\/wp\/v2\/product\/9075","targetHints":{"allow":["GET"]}}],"collection":[{"href":"https:\/\/dz-rf.com\/de\/wp-json\/wp\/v2\/product"}],"about":[{"href":"https:\/\/dz-rf.com\/de\/wp-json\/wp\/v2\/types\/product"}],"replies":[{"embeddable":true,"href":"https:\/\/dz-rf.com\/de\/wp-json\/wp\/v2\/comments?post=9075"}],"wp:featuredmedia":[{"embeddable":true,"href":"https:\/\/dz-rf.com\/de\/wp-json\/wp\/v2\/media\/9196"}],"wp:attachment":[{"href":"https:\/\/dz-rf.com\/de\/wp-json\/wp\/v2\/media?parent=9075"}],"wp:term":[{"taxonomy":"product_brand","embeddable":true,"href":"https:\/\/dz-rf.com\/de\/wp-json\/wp\/v2\/product_brand?post=9075"},{"taxonomy":"product_cat","embeddable":true,"href":"https:\/\/dz-rf.com\/de\/wp-json\/wp\/v2\/product_cat?post=9075"},{"taxonomy":"product_tag","embeddable":true,"href":"https:\/\/dz-rf.com\/de\/wp-json\/wp\/v2\/product_tag?post=9075"}],"curies":[{"name":"wp","href":"https:\/\/api.w.org\/{rel}","templated":true}]}}