{"id":9070,"date":"2025-09-13T08:43:50","date_gmt":"2025-09-13T08:43:50","guid":{"rendered":"https:\/\/dz-rf.com\/?post_type=product&#038;p=9070"},"modified":"2026-03-11T08:50:43","modified_gmt":"2026-03-11T08:50:43","slug":"lime-sdr-xtrx","status":"publish","type":"product","link":"https:\/\/dz-rf.com\/de\/produkt\/lime-sdr-xtrx\/","title":{"rendered":"LimeSDR XTRX RF Entwicklungsplatinen"},"content":{"rendered":"<p>RF-Transceiver<br \/>\nRF-Transceiver: Lime Microsystems LMS7002M<br \/>\nKonfiguration: MIMO (2xTX, 2xRX)<br \/>\nFrequenzbereich: 30 MHz - 3,8 GHz<br \/>\nBandbreite: 120 MHz<br \/>\nAbtasttiefe: 12 Bit<br \/>\nAbtastrate: 120 MSPS SISO \/ 90 MSPS MIMO<br \/>\nSendeleistung: max. 10 dBm (abh\u00e4ngig von der Frequenz)<\/p>\n<p>FPGA<br \/>\nFPGA: AMD Artix\u2122 7 XC7A50T-2CPG236I<br \/>\n236-Pin CSBGA-Geh\u00e4use (10mm x 10mm, 0,5mm)<br \/>\n52160 LUTs logische Kapazit\u00e4t<br \/>\n2700 Kb integrierter Speicher<br \/>\n600 Kb verteiltes RAM<br \/>\n120 x 18\u00d718-Bit-Multiplikatoren<br \/>\n5 x PLL<br \/>\n4 x DLL<br \/>\n106 x IO<br \/>\nFPGA-Konfiguration \u00fcber JTAG<\/p>\n<p>FLASH-Speicher<br \/>\nFLASH-Speicher: 256 Mb Flash-Speicher f\u00fcr FPGA-Konfiguration<\/p>\n<p>Uhrensystem<br \/>\n26,00 MHz (oder 30,72 MHz) VCTCXO an Bord<br \/>\nVCTCXO kann \u00fcber den eingebauten DAC abgestimmt werden<br \/>\nReferenztakt-Eingangs- und Ausgangsanschluss (U.FL)<\/p>\n<p>GPIO<br \/>\n2 x gr\u00fcne LEDs<br \/>\n4 x GPIO 3,3V im GPIO-Anschluss<br \/>\n1 x GPIO in Basisband-Anschl\u00fcssen<\/p>\n<p>USB 2.0-Steuerung<br \/>\nUSB 2.0-Steuerung: Microchip USB3333E-GL<\/p>\n<p>Temperatursensor<br \/>\nTemperatursensor: TMP1075NDRLR<\/p>\n<p>EEPROM-Speicher<br \/>\nMen\u00fc \u00f6ffnen<br \/>\n128 Kb EEPROM f\u00fcr LMS MCU-Firmware (optional)<br \/>\n128 Kb EEPROM f\u00fcr FPGA-Daten (optional)<\/p>\n<p>Steckverbinder<\/p>\n<p>USB 2.0 (Micro-B) Buchse<br \/>\nKoaxiale RF-Stecker (U.FL-Buchse)<br \/>\nFPGA GPIO 8-poliger FPC-Anschluss<br \/>\nFPGA JTAG-Anschluss (unbest\u00fcckt)<br \/>\nMini-PCIe-Edge-Anschluss<br \/>\nRF-Basisband 15-polige FPC-Anschl\u00fcsse<\/p>\n<p>Abmessungen<br \/>\nAbmessungen: 50,8 mm x 29,7 mm (Mini-PCIe-Formfaktor)<\/p>\n<p>Energiequellen<\/p>\n<p>USB-Anschluss (5 V)<br \/>\nMini-PCIe (3,3 V)<\/p>\n<p>&nbsp;<\/p>","protected":false},"excerpt":{"rendered":"<p>KAUFEN bei Mouser<br \/>\nLimeSDR XTRX ist ein hochleistungsf\u00e4higes Software-defined Radio (SDR) Board in einem kompakten Mini-PCIe-Formfaktor, das f\u00fcr die Einbettung in gr\u00f6\u00dfere Designs optimiert wurde. Mit einem AMD Artix\u2122 7 XC7A50T-2CPG236I FPGA und einem Lime Microsystems LMS7002M RF-Transceiver als Herzst\u00fcck ist LimeSDR XTRX eine perfekte Plattform f\u00fcr die Entwicklung logikintensiver digitaler und RF-Designs.<\/p>\n<p>LimeSDR XTRX kann als Baustein f\u00fcr MIMO-Konfigurationen von 2Tx2R bis 32Tx32R und in Verbindung mit digitalen Prozessoren (ASICs, GPPs und GPUs) unterschiedlicher Geschwindigkeit, Verlustleistung und Kosten f\u00fcr jede Luftschnittstelle, ob Schmalband oder Breitband, verwendet werden.<\/p>\n<p>LimeSDR XTRX basiert auf dem Fairwaves XTRX Rev. 5, mit vielen Verbesserungen und Aktualisierungen sowie umfassender Software-Unterst\u00fctzung durch den Lime Suite NG-Treiber-Stack und Plug-in-Module.<\/p>","protected":false},"featured_media":9179,"comment_status":"open","ping_status":"closed","template":"","meta":[],"product_brand":[],"product_cat":[208],"product_tag":[],"class_list":{"0":"post-9070","1":"product","2":"type-product","3":"status-publish","4":"has-post-thumbnail","6":"product_cat-main-products","8":"first","9":"instock","10":"sale","11":"shipping-taxable","12":"purchasable","13":"product-type-simple"},"_links":{"self":[{"href":"https:\/\/dz-rf.com\/de\/wp-json\/wp\/v2\/product\/9070","targetHints":{"allow":["GET"]}}],"collection":[{"href":"https:\/\/dz-rf.com\/de\/wp-json\/wp\/v2\/product"}],"about":[{"href":"https:\/\/dz-rf.com\/de\/wp-json\/wp\/v2\/types\/product"}],"replies":[{"embeddable":true,"href":"https:\/\/dz-rf.com\/de\/wp-json\/wp\/v2\/comments?post=9070"}],"wp:featuredmedia":[{"embeddable":true,"href":"https:\/\/dz-rf.com\/de\/wp-json\/wp\/v2\/media\/9179"}],"wp:attachment":[{"href":"https:\/\/dz-rf.com\/de\/wp-json\/wp\/v2\/media?parent=9070"}],"wp:term":[{"taxonomy":"product_brand","embeddable":true,"href":"https:\/\/dz-rf.com\/de\/wp-json\/wp\/v2\/product_brand?post=9070"},{"taxonomy":"product_cat","embeddable":true,"href":"https:\/\/dz-rf.com\/de\/wp-json\/wp\/v2\/product_cat?post=9070"},{"taxonomy":"product_tag","embeddable":true,"href":"https:\/\/dz-rf.com\/de\/wp-json\/wp\/v2\/product_tag?post=9070"}],"curies":[{"name":"wp","href":"https:\/\/api.w.org\/{rel}","templated":true}]}}