{"id":9068,"date":"2025-09-13T08:42:38","date_gmt":"2025-09-13T08:42:38","guid":{"rendered":"https:\/\/dz-rf.com\/?post_type=product&#038;p=9068"},"modified":"2025-10-28T07:49:00","modified_gmt":"2025-10-28T07:49:00","slug":"lime-sdr","status":"publish","type":"product","link":"https:\/\/dz-rf.com\/de\/produkt\/lime-sdr\/","title":{"rendered":"USB 3.0-Version der LimeSDR-Karte"},"content":{"rendered":"<p>LimeSDR kann UMTS, LTE, GSM, LoRa, Bluetooth, Zigbee, RFID und Digital Broadcasting senden und empfangen, um nur einige zu nennen.<\/p>\n<p>W\u00e4hrend die meisten SDRs in der Dom\u00e4ne von HF- und Protokollexperten geblieben sind, ist LimeSDR f\u00fcr jeden nutzbar, der mit der Idee eines App-Stores vertraut ist - es ist das erste SDR, das in Snappy Ubuntu Core integriert ist. Das bedeutet, dass Sie problemlos neue LimeSDR-Apps von Entwicklern aus aller Welt herunterladen k\u00f6nnen. Wenn Sie selbst ein Entwickler sind, k\u00f6nnen Sie Ihre LimeSDR-Apps auch \u00fcber Snappy Ubuntu Core teilen und\/oder verkaufen.<\/p>\n<p>Die LimeSDR-Plattform bietet Systementwicklern, Erfindern und sogar Studenten ein intelligentes und flexibles Ger\u00e4t zur Manipulation drahtloser Signale, mit dem sie lernen, experimentieren und Produkte und Anwendungen entwickeln k\u00f6nnen.<\/p>\n<p>Von der Radioastronomie zu Personal Telcos<br \/>\nHier sind nur einige der Anwendungen, die mit dem LimeSDR m\u00f6glich sind:<\/p>\n<p>Radioastronomie<br \/>\nRADAR<br \/>\n2G- bis 4G-Mobilfunk-Basisstation<br \/>\nMedien-Streaming<br \/>\nIoT-Gateway<br \/>\nHAM-Funk<br \/>\nEmulation und Erkennung von drahtlosen Tastaturen und M\u00e4usen<br \/>\nReifendruckkontrollsysteme<br \/>\nTransponder f\u00fcr die Luftfahrt<br \/>\nZ\u00e4hler f\u00fcr Versorgungsleistungen<br \/>\nSteuerung und Kontrolle von Drohnen<br \/>\nPr\u00fcfung und Messung<br \/>\nViele mehr...<br \/>\nMit modernsten technischen Spezifikationen, vollst\u00e4ndig offener Hardware und Toolchain und der Integration in die App-Distributionsplattform von Snappy Ubuntu Core ist LimeSDR nur durch unsere kollektive Vorstellungskraft begrenzt.<\/p>\n<p>Merkmale und Spezifikationen<br \/>\nRF-Transceiver: Lime Microsystems LMS7002M MIMO FPRF (Datenblatt)<br \/>\nFPGA: Altera Cyclone IV EP4CE40F23 - auch kompatibel mit EP4CE30F23<br \/>\nSpeicher: 256 MByte DDR2 SDRAM<br \/>\nUSB 3.0 Controller: Cypress USB 3.0 CYUSB3014-BZXC<br \/>\nOszillator: Rakon RPT7050A @30.72MHz (Datenblatt)<br \/>\nKontinuierlicher Frequenzbereich: 100 kHz - 3,8 GHz<br \/>\nBandbreite: 61,44 MHz<br \/>\nRF-Anschluss: 10 U.FL-Anschl\u00fcsse (6 RX, 4 TX)<br \/>\nAusgangsleistung (CW): bis zu 10 dBm<br \/>\nMultiplexing: 2\u00d72 MIMO<br \/>\nStromversorgung: Micro-USB-Anschluss oder optionales externes Netzteil<br \/>\nStatusanzeigen: programmierbare LEDs<br \/>\nAbmessungen: 100 mm x 60 mm<br \/>\nFrei und quelloffen<br \/>\nIn den letzten drei Jahren haben wir an zahlreichen Open-Source-Projekten gearbeitet, die alle \u00fcber Myriad-RF verf\u00fcgbar gemacht wurden. Dies ist nicht anders, Open Source ist das Herzst\u00fcck von LimeSDR:<\/p>\n<p>Schaltpl\u00e4ne der Platine: Altium Projektdateien verf\u00fcgbar unter CC BY 3.0 Lizenz.<br \/>\nPlatinenlayout: Altium Projektdateien verf\u00fcgbar unter CC BY 3.0 Lizenz.<br \/>\nHerstellung: Gerber, Bohrer und Pick &amp; Place-Dateien sind ebenfalls unter CC BY 3.0-Lizenz verf\u00fcgbar.<br \/>\nFPGA: Altera Quartus Projekt verf\u00fcgbar unter CC BY 3.0 Lizenz.<br \/>\nHost-Konnektivit\u00e4t: Die Firmware-Quellen des Cypress FX3 USB 3.0-Controllers sind unter Apache 2.0-Lizenz verf\u00fcgbar.<br \/>\nHost-Software: Treiber und GUI-Quellen unter Apache 2.0-Lizenz verf\u00fcgbar.<br \/>\nProgrammierung von Toolchain-Paketen: GNU Radio, Pothos, SoapySDR, UHD.<br \/>\nDokumentation: Die Datenbl\u00e4tter der Transceiver sind NDA-frei.<br \/>\nHerunterladbare Apps: Snappy Ubuntu Core, Lizenzierung an App-Entwickler.<\/p>","protected":false},"excerpt":{"rendered":"<p>LimeSDR ist eine kosteng\u00fcnstige, quelloffene, app-f\u00e4hige (dazu sp\u00e4ter mehr) Software Defined Radio (SDR)-Plattform, die zur Unterst\u00fctzung nahezu aller drahtlosen Kommunikationsstandards verwendet werden kann.<\/p>","protected":false},"featured_media":9169,"comment_status":"open","ping_status":"closed","template":"","meta":[],"product_brand":[],"product_cat":[208],"product_tag":[],"class_list":{"0":"post-9068","1":"product","2":"type-product","3":"status-publish","4":"has-post-thumbnail","6":"product_cat-main-products","8":"first","9":"instock","10":"sale","11":"shipping-taxable","12":"purchasable","13":"product-type-simple"},"_links":{"self":[{"href":"https:\/\/dz-rf.com\/de\/wp-json\/wp\/v2\/product\/9068","targetHints":{"allow":["GET"]}}],"collection":[{"href":"https:\/\/dz-rf.com\/de\/wp-json\/wp\/v2\/product"}],"about":[{"href":"https:\/\/dz-rf.com\/de\/wp-json\/wp\/v2\/types\/product"}],"replies":[{"embeddable":true,"href":"https:\/\/dz-rf.com\/de\/wp-json\/wp\/v2\/comments?post=9068"}],"wp:featuredmedia":[{"embeddable":true,"href":"https:\/\/dz-rf.com\/de\/wp-json\/wp\/v2\/media\/9169"}],"wp:attachment":[{"href":"https:\/\/dz-rf.com\/de\/wp-json\/wp\/v2\/media?parent=9068"}],"wp:term":[{"taxonomy":"product_brand","embeddable":true,"href":"https:\/\/dz-rf.com\/de\/wp-json\/wp\/v2\/product_brand?post=9068"},{"taxonomy":"product_cat","embeddable":true,"href":"https:\/\/dz-rf.com\/de\/wp-json\/wp\/v2\/product_cat?post=9068"},{"taxonomy":"product_tag","embeddable":true,"href":"https:\/\/dz-rf.com\/de\/wp-json\/wp\/v2\/product_tag?post=9068"}],"curies":[{"name":"wp","href":"https:\/\/api.w.org\/{rel}","templated":true}]}}