{"id":9066,"date":"2025-09-13T08:41:10","date_gmt":"2025-09-13T08:41:10","guid":{"rendered":"https:\/\/dz-rf.com\/?post_type=product&#038;p=9066"},"modified":"2026-03-13T05:50:23","modified_gmt":"2026-03-13T05:50:23","slug":"elegant-version-2-1","status":"publish","type":"product","link":"https:\/\/dz-rf.com\/de\/produkt\/elegant-version-2-1\/","title":{"rendered":"Portapack H4 + HackRF One R10 C All-in-One Kit wit Black Case Antennas 1MHz-6GHz RTL SDR Radio Receiver for Cybersecurity Enthusiasts Hacking Learning Tools"},"content":{"rendered":"<p>Dieses All-in-One-Ger\u00e4t enth\u00e4lt den HackRF und das PortaPack in einem vollst\u00e4ndig montierten, robusten ABS-Spritzgussgeh\u00e4use - ohne zus\u00e4tzliche Hardware, Kabel, Modifikationen oder L\u00f6tarbeiten.<\/p>\n<p>W\u00e4hrend der HackRF One die Pentest-\/Hacker-Community als absolut erschwingliches, \u00e4u\u00dferst leistungsf\u00e4higes Open-Source-SDR-Ger\u00e4t neu definiert hat, waren f\u00fcr seine Verwendung ein externer Computer, Software und fortgeschrittene Kenntnisse erforderlich. Der H4M bietet Ihnen die Leistung des HackRF - er ist immer noch direkt nutzbar - aber auch die Flexibilit\u00e4t eines kompakten, robusten Ger\u00e4ts, das keine externen Ger\u00e4te ben\u00f6tigt.<\/p>\n<p><strong>was in der Schachtel ist<\/strong><\/p>\n<p>1.PortaPack H4 + HackRF One\uff08R10\uff09<br \/>\n2. schwarzes Geh\u00e4use<br \/>\n3.Stoarge Box<br \/>\n4.Schwarze Antenne (2.4\/5\/5.8GHz)<br \/>\n5.die Antenne\uff0840MHz-6GHz\uff09<br \/>\n6. usb-Datenkabel<\/p>","protected":false},"excerpt":{"rendered":"<p>Portapack H4 + HackRF One R10 C All-in-One Kit wit Black Case Antennas 1MHz-6GHz RTL SDR Radio Receiver for Cybersecurity Enthusiasts Hacking Learning Tools<\/p>","protected":false},"featured_media":9149,"comment_status":"open","ping_status":"closed","template":"","meta":[],"product_brand":[],"product_cat":[208],"product_tag":[],"class_list":{"0":"post-9066","1":"product","2":"type-product","3":"status-publish","4":"has-post-thumbnail","6":"product_cat-main-products","8":"first","9":"instock","10":"sale","11":"shipping-taxable","12":"purchasable","13":"product-type-simple"},"_links":{"self":[{"href":"https:\/\/dz-rf.com\/de\/wp-json\/wp\/v2\/product\/9066","targetHints":{"allow":["GET"]}}],"collection":[{"href":"https:\/\/dz-rf.com\/de\/wp-json\/wp\/v2\/product"}],"about":[{"href":"https:\/\/dz-rf.com\/de\/wp-json\/wp\/v2\/types\/product"}],"replies":[{"embeddable":true,"href":"https:\/\/dz-rf.com\/de\/wp-json\/wp\/v2\/comments?post=9066"}],"wp:featuredmedia":[{"embeddable":true,"href":"https:\/\/dz-rf.com\/de\/wp-json\/wp\/v2\/media\/9149"}],"wp:attachment":[{"href":"https:\/\/dz-rf.com\/de\/wp-json\/wp\/v2\/media?parent=9066"}],"wp:term":[{"taxonomy":"product_brand","embeddable":true,"href":"https:\/\/dz-rf.com\/de\/wp-json\/wp\/v2\/product_brand?post=9066"},{"taxonomy":"product_cat","embeddable":true,"href":"https:\/\/dz-rf.com\/de\/wp-json\/wp\/v2\/product_cat?post=9066"},{"taxonomy":"product_tag","embeddable":true,"href":"https:\/\/dz-rf.com\/de\/wp-json\/wp\/v2\/product_tag?post=9066"}],"curies":[{"name":"wp","href":"https:\/\/api.w.org\/{rel}","templated":true}]}}