{"id":9064,"date":"2025-09-13T08:39:17","date_gmt":"2025-09-13T08:39:17","guid":{"rendered":"https:\/\/dz-rf.com\/?post_type=product&#038;p=9064"},"modified":"2026-03-13T05:50:38","modified_gmt":"2026-03-13T05:50:38","slug":"explore-version-2-1","status":"publish","type":"product","link":"https:\/\/dz-rf.com\/de\/produkt\/explore-version-2-1\/","title":{"rendered":"Portapack H4+ HackRF One R10 C All-in-One Kit with Clear Case Accessories"},"content":{"rendered":"<p>Dieses All-in-One-Ger\u00e4t enth\u00e4lt den HackRF und das PortaPack in einem vollst\u00e4ndig montierten, robusten Spritzguss-Acrylgeh\u00e4use - keine zus\u00e4tzliche Hardware, Kabel, Modifikationen oder L\u00f6tarbeiten erforderlich.<\/p>\n<p>W\u00e4hrend der HackRF One die Pentest-\/Hacker-Community als absolut erschwingliches, \u00e4u\u00dferst leistungsf\u00e4higes Open-Source-SDR-Ger\u00e4t neu definiert hat, waren f\u00fcr seine Verwendung ein externer Computer, Software und fortgeschrittene Kenntnisse erforderlich. Der H4M bietet Ihnen die Leistung des HackRF - er ist immer noch direkt nutzbar - aber auch die Flexibilit\u00e4t eines kompakten, robusten Ger\u00e4ts, das keine externen Ger\u00e4te ben\u00f6tigt.<\/p>\n<p><strong>was in der Schachtel ist<\/strong><\/p>\n<p>1.PortaPack H4 + HackRF One\uff08R10\uff09<br \/>\n2. klarer Fall<br \/>\n3. die Aufbewahrungsbox<br \/>\n4.Schwarze Antenne (2.4\/5\/5.8GHz)<br \/>\n5.die Antenne\uff0840MHz-6GHz\uff09<br \/>\n6. usb-Datenkabel<\/p>","protected":false},"excerpt":{"rendered":"<p>Portapack H4+ HackRF One All-in-One Kit mit Klarsichth\u00fclle Zubeh\u00f6r<\/p>","protected":false},"featured_media":9332,"comment_status":"open","ping_status":"closed","template":"","meta":[],"product_brand":[],"product_cat":[208],"product_tag":[233,225,229,216,223,221,219,217,218,224,227,234],"class_list":{"0":"post-9064","1":"product","2":"type-product","3":"status-publish","4":"has-post-thumbnail","6":"product_cat-main-products","7":"product_tag-cc1101","8":"product_tag-esp32-board","9":"product_tag-hacking-tools","10":"product_tag-hackrf-one","11":"product_tag-hackrf-one-kit","12":"product_tag-hackrf-portapack","13":"product_tag-portapack-h4m","14":"product_tag-r10","15":"product_tag-sdr","16":"product_tag-sdr-receiver","17":"product_tag-signal-analyzer","18":"product_tag-sofrware-definife-radio","20":"first","21":"instock","22":"sale","23":"shipping-taxable","24":"purchasable","25":"product-type-simple"},"_links":{"self":[{"href":"https:\/\/dz-rf.com\/de\/wp-json\/wp\/v2\/product\/9064","targetHints":{"allow":["GET"]}}],"collection":[{"href":"https:\/\/dz-rf.com\/de\/wp-json\/wp\/v2\/product"}],"about":[{"href":"https:\/\/dz-rf.com\/de\/wp-json\/wp\/v2\/types\/product"}],"replies":[{"embeddable":true,"href":"https:\/\/dz-rf.com\/de\/wp-json\/wp\/v2\/comments?post=9064"}],"wp:featuredmedia":[{"embeddable":true,"href":"https:\/\/dz-rf.com\/de\/wp-json\/wp\/v2\/media\/9332"}],"wp:attachment":[{"href":"https:\/\/dz-rf.com\/de\/wp-json\/wp\/v2\/media?parent=9064"}],"wp:term":[{"taxonomy":"product_brand","embeddable":true,"href":"https:\/\/dz-rf.com\/de\/wp-json\/wp\/v2\/product_brand?post=9064"},{"taxonomy":"product_cat","embeddable":true,"href":"https:\/\/dz-rf.com\/de\/wp-json\/wp\/v2\/product_cat?post=9064"},{"taxonomy":"product_tag","embeddable":true,"href":"https:\/\/dz-rf.com\/de\/wp-json\/wp\/v2\/product_tag?post=9064"}],"curies":[{"name":"wp","href":"https:\/\/api.w.org\/{rel}","templated":true}]}}