{"id":8764,"date":"2025-09-07T15:43:43","date_gmt":"2025-09-07T15:43:43","guid":{"rendered":"https:\/\/dz-rf.com\/?post_type=product&#038;p=8764"},"modified":"2026-03-11T08:38:44","modified_gmt":"2026-03-11T08:38:44","slug":"portapack-h4","status":"publish","type":"product","link":"https:\/\/dz-rf.com\/de\/produkt\/portapack-h4\/","title":{"rendered":"Portapack H4 Basierend auf HackRF One SDR Ger\u00e4t Schwarz"},"content":{"rendered":"<p>Der Portapack H4 ist ein unabh\u00e4ngiges, integriertes, tragbares Software-defined Radio (SDR) Ger\u00e4t, das auf dem HackRF Framework basiert.<\/p>\n<p>Hardware-Verbesserungen<\/p>\n<p>1. der Bildschirm: Mit einem verbesserten, matten Bildschirm f\u00fcr klare Lesbarkeit im Freien.<\/p>\n<p>2. schnittstellen: Zus\u00e4tzliche GPIO-Anschl\u00fcsse f\u00fcr den Anschluss von zus\u00e4tzlichem Zubeh\u00f6r, Erweiterungskarten und Sensoren. Ausgestattet mit einer USB-C-Schnittstelle f\u00fcr schnelleres Laden und bequemere Konnektivit\u00e4t.<\/p>\n<p>3.power system: Neu gestaltet mit einem einheitlichen Ein-\/Ausschalter und einer fortschrittlichen Architektur f\u00fcr das Akkumanagement, die USB-C-Schnellladung unterst\u00fctzt und Probleme mit Leckstrom oder Akkuentladung beseitigt.<\/p>\n<p>4.Audio: Integriertes Mikrofon und eingebauter Lautsprecher, mit einem Schiebeschalter zum schnellen Umschalten zwischen internen\/externen Mikrofonen und Kopfh\u00f6rern. Es schaltet automatisch vom Lautsprechermodus in den Kopfh\u00f6rermodus, wenn ein Kopfh\u00f6rer angeschlossen wird.<\/p>\n<p>5. Bedienung: Das neu gestaltete, flache Navigationsrad und die Richtungstasten erm\u00f6glichen eine schnelle Navigation und reduzieren Sch\u00e4den, wenn das Ger\u00e4t nicht in Gebrauch ist.<\/p>\n<p>Funktionelle Merkmale<\/p>\n<p>1. die Signalverarbeitung: Erm\u00f6glicht die Erfassung, Wiedergabe und Erkennung von Rohsignalen; kann Frequenzen scannen und umfasst Dutzende integrierter Anwendungen wie Echtzeit-ADS-B-Scanner, GPS-Simulatoren usw. und kann auch benutzerdefinierte Signale erzeugen.<\/p>\n<p>2. die Empfangsfunktionen: Empf\u00e4ngt verschiedene Signale (z. B. ADS-B, AIS, AFSK, Bluetooth, Audio), unterst\u00fctzt die Spektrumanalyse und dekodiert mehrere Signalformate.<\/p>\n<p>3. sendet Funktionen: Erm\u00f6glicht die Signal\u00fcbertragung, einschlie\u00dflich ADS-B-Spoofing, GPS-Spoofing, Multiband-Jamming, Morsecode-\u00dcbertragung usw.<\/p>\n<p>System-Kompatibilit\u00e4t: Kompatibel mit Windows, macOS, Linux, Android und Software wie GNU Radio, GQRX, SDR#, etc.<\/p>\n<p>Anwendungsszenarien: Geeignet f\u00fcr Penetrationstests, Signalaufkl\u00e4rung, Forschung im Bereich der drahtlosen Kommunikation sowie f\u00fcr verschiedene Experimente und Erkundungen durch Funkbegeisterte.<\/p>","protected":false},"excerpt":{"rendered":"<p>Portapack H4 basierend auf HackRF One SDR Ger\u00e4t<\/p>","protected":false},"featured_media":9157,"comment_status":"open","ping_status":"closed","template":"","meta":[],"product_brand":[],"product_cat":[208],"product_tag":[],"class_list":{"0":"post-8764","1":"product","2":"type-product","3":"status-publish","4":"has-post-thumbnail","6":"product_cat-main-products","8":"first","9":"instock","10":"sale","11":"shipping-taxable","12":"purchasable","13":"product-type-simple"},"_links":{"self":[{"href":"https:\/\/dz-rf.com\/de\/wp-json\/wp\/v2\/product\/8764","targetHints":{"allow":["GET"]}}],"collection":[{"href":"https:\/\/dz-rf.com\/de\/wp-json\/wp\/v2\/product"}],"about":[{"href":"https:\/\/dz-rf.com\/de\/wp-json\/wp\/v2\/types\/product"}],"replies":[{"embeddable":true,"href":"https:\/\/dz-rf.com\/de\/wp-json\/wp\/v2\/comments?post=8764"}],"wp:featuredmedia":[{"embeddable":true,"href":"https:\/\/dz-rf.com\/de\/wp-json\/wp\/v2\/media\/9157"}],"wp:attachment":[{"href":"https:\/\/dz-rf.com\/de\/wp-json\/wp\/v2\/media?parent=8764"}],"wp:term":[{"taxonomy":"product_brand","embeddable":true,"href":"https:\/\/dz-rf.com\/de\/wp-json\/wp\/v2\/product_brand?post=8764"},{"taxonomy":"product_cat","embeddable":true,"href":"https:\/\/dz-rf.com\/de\/wp-json\/wp\/v2\/product_cat?post=8764"},{"taxonomy":"product_tag","embeddable":true,"href":"https:\/\/dz-rf.com\/de\/wp-json\/wp\/v2\/product_tag?post=8764"}],"curies":[{"name":"wp","href":"https:\/\/api.w.org\/{rel}","templated":true}]}}