{"id":8757,"date":"2025-09-07T15:42:41","date_gmt":"2025-09-07T15:42:41","guid":{"rendered":"https:\/\/dz-rf.com\/?post_type=product&#038;p=8757"},"modified":"2026-03-13T05:49:30","modified_gmt":"2026-03-13T05:49:30","slug":"hackrf-one-r10","status":"publish","type":"product","link":"https:\/\/dz-rf.com\/de\/produkt\/hackrf-one-r10\/","title":{"rendered":"HackRF One R10+ Clifford Version SDR"},"content":{"rendered":"<p>HackRF One Software Defined Radio Senden und Empfangen von Funksignalen von 1 MHz bis 6 GHz Frequenz<\/p>\n<p>HackRF One ist ein Software Defined Radio-Peripherieger\u00e4t, das Funksignale von 1 MHz bis 6 GHz senden und empfangen kann. HackRF One ist eine Open-Source-Hardwareplattform, die als USB-Peripherieger\u00e4t verwendet oder f\u00fcr den Standalone-Betrieb programmiert werden kann und f\u00fcr den Test und die Entwicklung moderner und zuk\u00fcnftiger Funktechnologien konzipiert ist.<\/p>\n<p>1 MHz bis 6 GHz Betriebsfrequenz<br \/>\nHalbduplex-Transceiver<br \/>\nbis zu 20 Millionen Proben pro Sekunde<br \/>\n8-Bit-Quadraturabtastungen (8-Bit I und 8-Bit Q)<br \/>\nkompatibel mit GNU Radio, SDR# und mehr<br \/>\nSoftware-konfigurierbare RX- und TX-Verst\u00e4rkung und Basisbandfilter<br \/>\nSoftware-gesteuerte Stromversorgung des Antennenanschlusses (50 mA bei 3,3 V)<br \/>\nSMA-Antennenbuchse<br \/>\nSMA-Buchse f\u00fcr Takteingang und -ausgang zur Synchronisation<br \/>\npraktische Tasten f\u00fcr die Programmierung<br \/>\ninterne Stiftleisten zur Erweiterung<br \/>\nHochgeschwindigkeits-USB 2.0<br \/>\nUSB-gespeist<br \/>\nOpen-Source-Hardware<\/p>\n<p>HackRF One ist ein Testger\u00e4t f\u00fcr RF-Systeme. Er wurde nicht auf die Einhaltung von Vorschriften zur \u00dcbertragung von Funksignalen getestet. Sie sind f\u00fcr die legale Verwendung Ihres HackRF One verantwortlich.<\/p>","protected":false},"excerpt":{"rendered":"<p>HackRF One R10+ Clifford Version SDR<\/p>","protected":false},"featured_media":9088,"comment_status":"open","ping_status":"closed","template":"","meta":[],"product_brand":[],"product_cat":[208],"product_tag":[226,225,216,223,221,220,219,217,218,224,227,222],"class_list":{"0":"post-8757","1":"product","2":"type-product","3":"status-publish","4":"has-post-thumbnail","6":"product_cat-main-products","7":"product_tag-diy-synth","8":"product_tag-esp32-board","9":"product_tag-hackrf-one","10":"product_tag-hackrf-one-kit","11":"product_tag-hackrf-portapack","12":"product_tag-jackrf-pro","13":"product_tag-portapack-h4m","14":"product_tag-r10","15":"product_tag-sdr","16":"product_tag-sdr-receiver","17":"product_tag-signal-analyzer","18":"product_tag-sofrware-defined-radio","20":"first","21":"instock","22":"sale","23":"shipping-taxable","24":"purchasable","25":"product-type-simple"},"_links":{"self":[{"href":"https:\/\/dz-rf.com\/de\/wp-json\/wp\/v2\/product\/8757","targetHints":{"allow":["GET"]}}],"collection":[{"href":"https:\/\/dz-rf.com\/de\/wp-json\/wp\/v2\/product"}],"about":[{"href":"https:\/\/dz-rf.com\/de\/wp-json\/wp\/v2\/types\/product"}],"replies":[{"embeddable":true,"href":"https:\/\/dz-rf.com\/de\/wp-json\/wp\/v2\/comments?post=8757"}],"wp:featuredmedia":[{"embeddable":true,"href":"https:\/\/dz-rf.com\/de\/wp-json\/wp\/v2\/media\/9088"}],"wp:attachment":[{"href":"https:\/\/dz-rf.com\/de\/wp-json\/wp\/v2\/media?parent=8757"}],"wp:term":[{"taxonomy":"product_brand","embeddable":true,"href":"https:\/\/dz-rf.com\/de\/wp-json\/wp\/v2\/product_brand?post=8757"},{"taxonomy":"product_cat","embeddable":true,"href":"https:\/\/dz-rf.com\/de\/wp-json\/wp\/v2\/product_cat?post=8757"},{"taxonomy":"product_tag","embeddable":true,"href":"https:\/\/dz-rf.com\/de\/wp-json\/wp\/v2\/product_tag?post=8757"}],"curies":[{"name":"wp","href":"https:\/\/api.w.org\/{rel}","templated":true}]}}